{"id":986,"date":"2017-10-08T12:37:14","date_gmt":"2017-10-08T11:37:14","guid":{"rendered":"https:\/\/julio.carrascobreton.com\/?page_id=986"},"modified":"2024-07-20T23:29:29","modified_gmt":"2024-07-20T22:29:29","slug":"986-2","status":"publish","type":"page","link":"https:\/\/julio.carrascobreton.com\/index.php\/986-2\/","title":{"rendered":"Arte L\u00fadico"},"content":{"rendered":"<div class=\"wpb-content-wrapper\"><p>[vc_row][vc_column][vc_single_image image=\u00bb437&#8243; img_size=\u00bbfull\u00bb alignment=\u00bbright\u00bb][vc_custom_heading text=\u00bbPrincipios del Manifiesto de la Sociedad de Artistas Ludicos\u00bb google_fonts=\u00bbfont_family:Cinzel%3Aregular%2C700%2C900&#8243;][vc_column_text css=\u00bb.vc_custom_1507463565204{padding-left: 100px !important;}\u00bb]El arte l\u00fadico consiste en rescatar de la realidad los valores intr\u00ednsecos de humanismo, olvidados en las manifestaciones art\u00edsticas de los siglos pasados.<\/p>\n<p>Busca acercar el arte a la cotidianidad de los individuos a trav\u00e9s del contacto con objetos art\u00edsticos de su entorno urbano y habitacional, utensilios, enseres, instrumentos, etc\u00e9tera.<\/p>\n<p>Hace converger una pluralidad de expresiones, artificios y estilos de los creadores en obras art\u00edsticas imbuidas por el concepto de lo l\u00fadico.<\/p>\n<p>El arte l\u00fadico generar\u00e1 un cambio en el desarrollo y resultados de las formas personales de la creatividad de cada autor en las disciplinas art\u00edsticas de su preferencia.<\/p>\n<p>Toca y trastoca cualquier fen\u00f3meno de la realidad y busca \u00ab vasos comunicantes \u00bb entre lo hist\u00f3rico, lo m\u00edstico, lo er\u00f3tico, lo politico, lo ecol\u00f3gico, tecnol\u00f3gico o cient\u00edfico.<\/p>\n<p>Puede representar ir\u00f3nicamente mordaz, irrisoria y burlonamente los contenidos lacerantes y violentos de la realidad imperante.<\/p>\n<p>Puede irrumpir en espacios no tradicionales para su colocaci\u00f3n o distribuci\u00f3n.<\/p>\n<p>En esencia cualquiera de sus expresiones contiene o formula un juego que de lugar a nuevos juegos.<\/p>\n<p>Propone un arte tocable, utilizable, movible, transformable, armable, intercambiable, transformable, fractal, port\u00e1til, comestible, afateable, audible y visual.<\/p>\n<p>Es rico en propuestas art\u00edsticas que propician el cambio de la realidad ligada a las formas de la vida cotidiana llenandola de contenido.<\/p>\n<p>Confronta el fen\u00f3meno de homologaci\u00f3n de las expresiones art\u00edsticas, enriquece y desarolla nuestra diversidad cultural.<br \/>\nGenera nuevos estados de libertad existencial ligados al arte.<\/p>\n<p>El arte l\u00fadico no se considera como un nuevo \u00ab ismo \u00bb o corriente del siglo XXI sino como el promotor de una sociedad l\u00fadica.<\/p>\n<blockquote><p><a href=\"http:\/\/www.revistas.unam.mx\/index.php\/archipielago\/article\/view\/19708\/18699\">http:\/\/www.revistas.unam.mx\/index.php\/archipielago\/article\/view\/19708\/18699<\/a><\/p>\n<p>&nbsp;<\/p><\/blockquote>\n<p>[\/vc_column_text][vc_btn title=\u00bbManifiesto L\u00fadico\u00bb color=\u00bbjuicy-pink\u00bb size=\u00bbsm\u00bb align=\u00bbright\u00bb i_icon_fontawesome=\u00bbfa fa-book\u00bb add_icon=\u00bbtrue\u00bb link=\u00bburl:http%3A%2F%2Fjulio.carrascobreton.com%2Fwp-content%2Fuploads%2F2017%2F10%2FManifiestoLudico.pdf||target:%20_blank|\u00bb][\/vc_column][\/vc_row][vc_row][vc_column][vc_masonry_media_grid item=\u00bbmasonryMedia_SlideWithTitleAndCaption\u00bb grid_id=\u00bbvc_gid:1507463468377-21e8e563b1f8e90c3051d829e0c9362f-6&#8243; include=\u00bb981,995,993,990,992,991,989,994&#8243;][\/vc_column][\/vc_row]<\/p>\n<\/div>","protected":false},"excerpt":{"rendered":"<p>[vc_row][vc_column][vc_single_image image=\u00bb437&#8243; img_size=\u00bbfull\u00bb alignment=\u00bbright\u00bb][vc_custom_heading text=\u00bbPrincipios del Manifiesto de la Sociedad de Artistas Ludicos\u00bb google_fonts=\u00bbfont_family:Cinzel%3Aregular%2C700%2C900&#8243;][vc_column_text css=\u00bb.vc_custom_1507463565204{padding-left: 100px !important;}\u00bb]El arte l\u00fadico consiste en rescatar de la realidad los valores intr\u00ednsecos de humanismo, [&hellip;]<\/p>\n","protected":false},"author":1,"featured_media":0,"parent":0,"menu_order":0,"comment_status":"closed","ping_status":"closed","template":"","meta":{"ngg_post_thumbnail":0,"footnotes":""},"class_list":["post-986","page","type-page","status-publish","hentry"],"yoast_head":"<!-- This site is optimized with the Yoast SEO plugin v27.3 - https:\/\/yoast.com\/product\/yoast-seo-wordpress\/ -->\n<title>Arte L\u00fadico - Julio Carrasco Bret\u00f3n<\/title>\n<meta name=\"robots\" content=\"index, follow, max-snippet:-1, max-image-preview:large, max-video-preview:-1\" \/>\n<link rel=\"canonical\" href=\"https:\/\/julio.carrascobreton.com\/index.php\/986-2\/\" \/>\n<meta property=\"og:locale\" content=\"es_ES\" \/>\n<meta property=\"og:type\" content=\"article\" \/>\n<meta property=\"og:title\" content=\"Arte L\u00fadico - Julio Carrasco Bret\u00f3n\" \/>\n<meta property=\"og:description\" content=\"[vc_row][vc_column][vc_single_image image=\u00bb437&#8243; img_size=\u00bbfull\u00bb alignment=\u00bbright\u00bb][vc_custom_heading text=\u00bbPrincipios del Manifiesto de la Sociedad de Artistas Ludicos\u00bb google_fonts=\u00bbfont_family:Cinzel%3Aregular%2C700%2C900&#8243;][vc_column_text css=\u00bb.vc_custom_1507463565204{padding-left: 100px !important;}\u00bb]El arte l\u00fadico consiste en rescatar de la realidad los valores intr\u00ednsecos de humanismo, [&hellip;]\" \/>\n<meta property=\"og:url\" content=\"https:\/\/julio.carrascobreton.com\/index.php\/986-2\/\" \/>\n<meta property=\"og:site_name\" content=\"Julio Carrasco Bret\u00f3n\" \/>\n<meta property=\"article:modified_time\" content=\"2024-07-20T22:29:29+00:00\" \/>\n<meta name=\"twitter:card\" content=\"summary_large_image\" \/>\n<meta name=\"twitter:label1\" content=\"Tiempo de lectura\" \/>\n\t<meta name=\"twitter:data1\" content=\"2 minutos\" \/>\n<script type=\"application\/ld+json\" class=\"yoast-schema-graph\">{\"@context\":\"https:\\\/\\\/schema.org\",\"@graph\":[{\"@type\":\"WebPage\",\"@id\":\"https:\\\/\\\/julio.carrascobreton.com\\\/index.php\\\/986-2\\\/\",\"url\":\"https:\\\/\\\/julio.carrascobreton.com\\\/index.php\\\/986-2\\\/\",\"name\":\"Arte L\u00fadico - Julio Carrasco Bret\u00f3n\",\"isPartOf\":{\"@id\":\"https:\\\/\\\/julio.carrascobreton.com\\\/#website\"},\"datePublished\":\"2017-10-08T11:37:14+00:00\",\"dateModified\":\"2024-07-20T22:29:29+00:00\",\"breadcrumb\":{\"@id\":\"https:\\\/\\\/julio.carrascobreton.com\\\/index.php\\\/986-2\\\/#breadcrumb\"},\"inLanguage\":\"es\",\"potentialAction\":[{\"@type\":\"ReadAction\",\"target\":[\"https:\\\/\\\/julio.carrascobreton.com\\\/index.php\\\/986-2\\\/\"]}]},{\"@type\":\"BreadcrumbList\",\"@id\":\"https:\\\/\\\/julio.carrascobreton.com\\\/index.php\\\/986-2\\\/#breadcrumb\",\"itemListElement\":[{\"@type\":\"ListItem\",\"position\":1,\"name\":\"Portada\",\"item\":\"https:\\\/\\\/julio.carrascobreton.com\\\/\"},{\"@type\":\"ListItem\",\"position\":2,\"name\":\"Arte L\u00fadico\"}]},{\"@type\":\"WebSite\",\"@id\":\"https:\\\/\\\/julio.carrascobreton.com\\\/#website\",\"url\":\"https:\\\/\\\/julio.carrascobreton.com\\\/\",\"name\":\"Julio Carrasco Bret\u00f3n\",\"description\":\"Artista pl\u00e1stico y muralista Mexicano.\",\"potentialAction\":[{\"@type\":\"SearchAction\",\"target\":{\"@type\":\"EntryPoint\",\"urlTemplate\":\"https:\\\/\\\/julio.carrascobreton.com\\\/?s={search_term_string}\"},\"query-input\":{\"@type\":\"PropertyValueSpecification\",\"valueRequired\":true,\"valueName\":\"search_term_string\"}}],\"inLanguage\":\"es\"}]}<\/script>\n<!-- \/ Yoast SEO plugin. -->","yoast_head_json":{"title":"Arte L\u00fadico - Julio Carrasco Bret\u00f3n","robots":{"index":"index","follow":"follow","max-snippet":"max-snippet:-1","max-image-preview":"max-image-preview:large","max-video-preview":"max-video-preview:-1"},"canonical":"https:\/\/julio.carrascobreton.com\/index.php\/986-2\/","og_locale":"es_ES","og_type":"article","og_title":"Arte L\u00fadico - Julio Carrasco Bret\u00f3n","og_description":"[vc_row][vc_column][vc_single_image image=\u00bb437&#8243; img_size=\u00bbfull\u00bb alignment=\u00bbright\u00bb][vc_custom_heading text=\u00bbPrincipios del Manifiesto de la Sociedad de Artistas Ludicos\u00bb google_fonts=\u00bbfont_family:Cinzel%3Aregular%2C700%2C900&#8243;][vc_column_text css=\u00bb.vc_custom_1507463565204{padding-left: 100px !important;}\u00bb]El arte l\u00fadico consiste en rescatar de la realidad los valores intr\u00ednsecos de humanismo, [&hellip;]","og_url":"https:\/\/julio.carrascobreton.com\/index.php\/986-2\/","og_site_name":"Julio Carrasco Bret\u00f3n","article_modified_time":"2024-07-20T22:29:29+00:00","twitter_card":"summary_large_image","twitter_misc":{"Tiempo de lectura":"2 minutos"},"schema":{"@context":"https:\/\/schema.org","@graph":[{"@type":"WebPage","@id":"https:\/\/julio.carrascobreton.com\/index.php\/986-2\/","url":"https:\/\/julio.carrascobreton.com\/index.php\/986-2\/","name":"Arte L\u00fadico - Julio Carrasco Bret\u00f3n","isPartOf":{"@id":"https:\/\/julio.carrascobreton.com\/#website"},"datePublished":"2017-10-08T11:37:14+00:00","dateModified":"2024-07-20T22:29:29+00:00","breadcrumb":{"@id":"https:\/\/julio.carrascobreton.com\/index.php\/986-2\/#breadcrumb"},"inLanguage":"es","potentialAction":[{"@type":"ReadAction","target":["https:\/\/julio.carrascobreton.com\/index.php\/986-2\/"]}]},{"@type":"BreadcrumbList","@id":"https:\/\/julio.carrascobreton.com\/index.php\/986-2\/#breadcrumb","itemListElement":[{"@type":"ListItem","position":1,"name":"Portada","item":"https:\/\/julio.carrascobreton.com\/"},{"@type":"ListItem","position":2,"name":"Arte L\u00fadico"}]},{"@type":"WebSite","@id":"https:\/\/julio.carrascobreton.com\/#website","url":"https:\/\/julio.carrascobreton.com\/","name":"Julio Carrasco Bret\u00f3n","description":"Artista pl\u00e1stico y muralista Mexicano.","potentialAction":[{"@type":"SearchAction","target":{"@type":"EntryPoint","urlTemplate":"https:\/\/julio.carrascobreton.com\/?s={search_term_string}"},"query-input":{"@type":"PropertyValueSpecification","valueRequired":true,"valueName":"search_term_string"}}],"inLanguage":"es"}]}},"_links":{"self":[{"href":"https:\/\/julio.carrascobreton.com\/index.php\/wp-json\/wp\/v2\/pages\/986","targetHints":{"allow":["GET"]}}],"collection":[{"href":"https:\/\/julio.carrascobreton.com\/index.php\/wp-json\/wp\/v2\/pages"}],"about":[{"href":"https:\/\/julio.carrascobreton.com\/index.php\/wp-json\/wp\/v2\/types\/page"}],"author":[{"embeddable":true,"href":"https:\/\/julio.carrascobreton.com\/index.php\/wp-json\/wp\/v2\/users\/1"}],"replies":[{"embeddable":true,"href":"https:\/\/julio.carrascobreton.com\/index.php\/wp-json\/wp\/v2\/comments?post=986"}],"version-history":[{"count":6,"href":"https:\/\/julio.carrascobreton.com\/index.php\/wp-json\/wp\/v2\/pages\/986\/revisions"}],"predecessor-version":[{"id":1000,"href":"https:\/\/julio.carrascobreton.com\/index.php\/wp-json\/wp\/v2\/pages\/986\/revisions\/1000"}],"wp:attachment":[{"href":"https:\/\/julio.carrascobreton.com\/index.php\/wp-json\/wp\/v2\/media?parent=986"}],"curies":[{"name":"wp","href":"https:\/\/api.w.org\/{rel}","templated":true}]}}