{"id":1017,"date":"2017-10-08T13:09:20","date_gmt":"2017-10-08T12:09:20","guid":{"rendered":"https:\/\/julio.carrascobreton.com\/?page_id=1017"},"modified":"2024-07-20T23:29:29","modified_gmt":"2024-07-20T22:29:29","slug":"enlaces","status":"publish","type":"page","link":"https:\/\/julio.carrascobreton.com\/index.php\/enlaces\/","title":{"rendered":"Enlaces"},"content":{"rendered":"<div class=\"wpb-content-wrapper\"><p>[vc_row][vc_column width=\u00bb1\/4&#8243;][vc_single_image image=\u00bb1040&#8243; img_size=\u00bbfull\u00bb][\/vc_column][vc_column width=\u00bb3\/4&#8243;][vc_custom_heading text=\u00bbADAGP &#8211; Soci\u00e9t\u00e9 fran\u00e7aise des Auteurs Dans les Arts Graphiques et Plastiques\u00bb font_container=\u00bbtag:h2|font_size:25|text_align:left\u00bb use_theme_fonts=\u00bbyes\u00bb link=\u00bburl:http%3A%2F%2Fwww.adagp.fr%2Ffr%2Fbanque-images%23%2F%3Fq%3DanVsaW8gY2FycmFzY8SEYnJldG9u||target:%20_blank|rel:nofollow\u00bb][\/vc_column][\/vc_row][vc_row][vc_column width=\u00bb1\/4&#8243;][vc_single_image image=\u00bb1226&#8243; img_size=\u00bbfull\u00bb][\/vc_column][vc_column width=\u00bb3\/4&#8243;][vc_custom_heading text=\u00bbWIKIPEDIA &#8211; JULIO CARRASCO BRET\u00d3N\u00bb font_container=\u00bbtag:h2|font_size:25|text_align:left\u00bb use_theme_fonts=\u00bbyes\u00bb link=\u00bburl:https%3A%2F%2Fes.wikipedia.org%2Fwiki%2FJulio_Carrasco_Bret%25C3%25B3n||target:%20_blank|rel:nofollow\u00bb css=\u00bb.vc_custom_1508198148183{padding-top: 5% !important;}\u00bb][\/vc_column][\/vc_row]<\/p>\n<\/div>","protected":false},"excerpt":{"rendered":"<p>[vc_row][vc_column width=\u00bb1\/4&#8243;][vc_single_image image=\u00bb1040&#8243; img_size=\u00bbfull\u00bb][\/vc_column][vc_column width=\u00bb3\/4&#8243;][vc_custom_heading text=\u00bbADAGP &#8211; Soci\u00e9t\u00e9 fran\u00e7aise des Auteurs Dans les Arts Graphiques et Plastiques\u00bb font_container=\u00bbtag:h2|font_size:25|text_align:left\u00bb use_theme_fonts=\u00bbyes\u00bb link=\u00bburl:http%3A%2F%2Fwww.adagp.fr%2Ffr%2Fbanque-images%23%2F%3Fq%3DanVsaW8gY2FycmFzY8SEYnJldG9u||target:%20_blank|rel:nofollow\u00bb][\/vc_column][\/vc_row][vc_row][vc_column width=\u00bb1\/4&#8243;][vc_single_image image=\u00bb1226&#8243; img_size=\u00bbfull\u00bb][\/vc_column][vc_column width=\u00bb3\/4&#8243;][vc_custom_heading text=\u00bbWIKIPEDIA &#8211; JULIO CARRASCO BRET\u00d3N\u00bb font_container=\u00bbtag:h2|font_size:25|text_align:left\u00bb [&hellip;]<\/p>\n","protected":false},"author":1,"featured_media":0,"parent":0,"menu_order":0,"comment_status":"closed","ping_status":"closed","template":"","meta":{"ngg_post_thumbnail":0,"footnotes":""},"class_list":["post-1017","page","type-page","status-publish","hentry"],"yoast_head":"<!-- This site is optimized with the Yoast SEO plugin v27.3 - https:\/\/yoast.com\/product\/yoast-seo-wordpress\/ -->\n<title>Enlaces - Julio Carrasco Bret\u00f3n<\/title>\n<meta name=\"robots\" content=\"index, follow, max-snippet:-1, max-image-preview:large, max-video-preview:-1\" \/>\n<link rel=\"canonical\" href=\"https:\/\/julio.carrascobreton.com\/index.php\/enlaces\/\" \/>\n<meta property=\"og:locale\" content=\"es_ES\" \/>\n<meta property=\"og:type\" content=\"article\" \/>\n<meta property=\"og:title\" content=\"Enlaces - Julio Carrasco Bret\u00f3n\" \/>\n<meta property=\"og:description\" content=\"[vc_row][vc_column width=\u00bb1\/4&#8243;][vc_single_image image=\u00bb1040&#8243; img_size=\u00bbfull\u00bb][\/vc_column][vc_column width=\u00bb3\/4&#8243;][vc_custom_heading text=\u00bbADAGP &#8211; Soci\u00e9t\u00e9 fran\u00e7aise des Auteurs Dans les Arts Graphiques et Plastiques\u00bb font_container=\u00bbtag:h2|font_size:25|text_align:left\u00bb use_theme_fonts=\u00bbyes\u00bb link=\u00bburl:http%3A%2F%2Fwww.adagp.fr%2Ffr%2Fbanque-images%23%2F%3Fq%3DanVsaW8gY2FycmFzY8SEYnJldG9u||target:%20_blank|rel:nofollow\u00bb][\/vc_column][\/vc_row][vc_row][vc_column width=\u00bb1\/4&#8243;][vc_single_image image=\u00bb1226&#8243; img_size=\u00bbfull\u00bb][\/vc_column][vc_column width=\u00bb3\/4&#8243;][vc_custom_heading text=\u00bbWIKIPEDIA &#8211; JULIO CARRASCO BRET\u00d3N\u00bb font_container=\u00bbtag:h2|font_size:25|text_align:left\u00bb [&hellip;]\" \/>\n<meta property=\"og:url\" content=\"https:\/\/julio.carrascobreton.com\/index.php\/enlaces\/\" \/>\n<meta property=\"og:site_name\" content=\"Julio Carrasco Bret\u00f3n\" \/>\n<meta property=\"article:modified_time\" content=\"2024-07-20T22:29:29+00:00\" \/>\n<meta name=\"twitter:card\" content=\"summary_large_image\" \/>\n<meta name=\"twitter:label1\" content=\"Tiempo de lectura\" \/>\n\t<meta name=\"twitter:data1\" content=\"1 minuto\" \/>\n<script type=\"application\/ld+json\" class=\"yoast-schema-graph\">{\"@context\":\"https:\\\/\\\/schema.org\",\"@graph\":[{\"@type\":\"WebPage\",\"@id\":\"https:\\\/\\\/julio.carrascobreton.com\\\/index.php\\\/enlaces\\\/\",\"url\":\"https:\\\/\\\/julio.carrascobreton.com\\\/index.php\\\/enlaces\\\/\",\"name\":\"Enlaces - Julio Carrasco Bret\u00f3n\",\"isPartOf\":{\"@id\":\"https:\\\/\\\/julio.carrascobreton.com\\\/#website\"},\"datePublished\":\"2017-10-08T12:09:20+00:00\",\"dateModified\":\"2024-07-20T22:29:29+00:00\",\"breadcrumb\":{\"@id\":\"https:\\\/\\\/julio.carrascobreton.com\\\/index.php\\\/enlaces\\\/#breadcrumb\"},\"inLanguage\":\"es\",\"potentialAction\":[{\"@type\":\"ReadAction\",\"target\":[\"https:\\\/\\\/julio.carrascobreton.com\\\/index.php\\\/enlaces\\\/\"]}]},{\"@type\":\"BreadcrumbList\",\"@id\":\"https:\\\/\\\/julio.carrascobreton.com\\\/index.php\\\/enlaces\\\/#breadcrumb\",\"itemListElement\":[{\"@type\":\"ListItem\",\"position\":1,\"name\":\"Portada\",\"item\":\"https:\\\/\\\/julio.carrascobreton.com\\\/\"},{\"@type\":\"ListItem\",\"position\":2,\"name\":\"Enlaces\"}]},{\"@type\":\"WebSite\",\"@id\":\"https:\\\/\\\/julio.carrascobreton.com\\\/#website\",\"url\":\"https:\\\/\\\/julio.carrascobreton.com\\\/\",\"name\":\"Julio Carrasco Bret\u00f3n\",\"description\":\"Artista pl\u00e1stico y muralista Mexicano.\",\"potentialAction\":[{\"@type\":\"SearchAction\",\"target\":{\"@type\":\"EntryPoint\",\"urlTemplate\":\"https:\\\/\\\/julio.carrascobreton.com\\\/?s={search_term_string}\"},\"query-input\":{\"@type\":\"PropertyValueSpecification\",\"valueRequired\":true,\"valueName\":\"search_term_string\"}}],\"inLanguage\":\"es\"}]}<\/script>\n<!-- \/ Yoast SEO plugin. -->","yoast_head_json":{"title":"Enlaces - Julio Carrasco Bret\u00f3n","robots":{"index":"index","follow":"follow","max-snippet":"max-snippet:-1","max-image-preview":"max-image-preview:large","max-video-preview":"max-video-preview:-1"},"canonical":"https:\/\/julio.carrascobreton.com\/index.php\/enlaces\/","og_locale":"es_ES","og_type":"article","og_title":"Enlaces - Julio Carrasco Bret\u00f3n","og_description":"[vc_row][vc_column width=\u00bb1\/4&#8243;][vc_single_image image=\u00bb1040&#8243; img_size=\u00bbfull\u00bb][\/vc_column][vc_column width=\u00bb3\/4&#8243;][vc_custom_heading text=\u00bbADAGP &#8211; Soci\u00e9t\u00e9 fran\u00e7aise des Auteurs Dans les Arts Graphiques et Plastiques\u00bb font_container=\u00bbtag:h2|font_size:25|text_align:left\u00bb use_theme_fonts=\u00bbyes\u00bb link=\u00bburl:http%3A%2F%2Fwww.adagp.fr%2Ffr%2Fbanque-images%23%2F%3Fq%3DanVsaW8gY2FycmFzY8SEYnJldG9u||target:%20_blank|rel:nofollow\u00bb][\/vc_column][\/vc_row][vc_row][vc_column width=\u00bb1\/4&#8243;][vc_single_image image=\u00bb1226&#8243; img_size=\u00bbfull\u00bb][\/vc_column][vc_column width=\u00bb3\/4&#8243;][vc_custom_heading text=\u00bbWIKIPEDIA &#8211; JULIO CARRASCO BRET\u00d3N\u00bb font_container=\u00bbtag:h2|font_size:25|text_align:left\u00bb [&hellip;]","og_url":"https:\/\/julio.carrascobreton.com\/index.php\/enlaces\/","og_site_name":"Julio Carrasco Bret\u00f3n","article_modified_time":"2024-07-20T22:29:29+00:00","twitter_card":"summary_large_image","twitter_misc":{"Tiempo de lectura":"1 minuto"},"schema":{"@context":"https:\/\/schema.org","@graph":[{"@type":"WebPage","@id":"https:\/\/julio.carrascobreton.com\/index.php\/enlaces\/","url":"https:\/\/julio.carrascobreton.com\/index.php\/enlaces\/","name":"Enlaces - Julio Carrasco Bret\u00f3n","isPartOf":{"@id":"https:\/\/julio.carrascobreton.com\/#website"},"datePublished":"2017-10-08T12:09:20+00:00","dateModified":"2024-07-20T22:29:29+00:00","breadcrumb":{"@id":"https:\/\/julio.carrascobreton.com\/index.php\/enlaces\/#breadcrumb"},"inLanguage":"es","potentialAction":[{"@type":"ReadAction","target":["https:\/\/julio.carrascobreton.com\/index.php\/enlaces\/"]}]},{"@type":"BreadcrumbList","@id":"https:\/\/julio.carrascobreton.com\/index.php\/enlaces\/#breadcrumb","itemListElement":[{"@type":"ListItem","position":1,"name":"Portada","item":"https:\/\/julio.carrascobreton.com\/"},{"@type":"ListItem","position":2,"name":"Enlaces"}]},{"@type":"WebSite","@id":"https:\/\/julio.carrascobreton.com\/#website","url":"https:\/\/julio.carrascobreton.com\/","name":"Julio Carrasco Bret\u00f3n","description":"Artista pl\u00e1stico y muralista Mexicano.","potentialAction":[{"@type":"SearchAction","target":{"@type":"EntryPoint","urlTemplate":"https:\/\/julio.carrascobreton.com\/?s={search_term_string}"},"query-input":{"@type":"PropertyValueSpecification","valueRequired":true,"valueName":"search_term_string"}}],"inLanguage":"es"}]}},"_links":{"self":[{"href":"https:\/\/julio.carrascobreton.com\/index.php\/wp-json\/wp\/v2\/pages\/1017","targetHints":{"allow":["GET"]}}],"collection":[{"href":"https:\/\/julio.carrascobreton.com\/index.php\/wp-json\/wp\/v2\/pages"}],"about":[{"href":"https:\/\/julio.carrascobreton.com\/index.php\/wp-json\/wp\/v2\/types\/page"}],"author":[{"embeddable":true,"href":"https:\/\/julio.carrascobreton.com\/index.php\/wp-json\/wp\/v2\/users\/1"}],"replies":[{"embeddable":true,"href":"https:\/\/julio.carrascobreton.com\/index.php\/wp-json\/wp\/v2\/comments?post=1017"}],"version-history":[{"count":5,"href":"https:\/\/julio.carrascobreton.com\/index.php\/wp-json\/wp\/v2\/pages\/1017\/revisions"}],"predecessor-version":[{"id":1227,"href":"https:\/\/julio.carrascobreton.com\/index.php\/wp-json\/wp\/v2\/pages\/1017\/revisions\/1227"}],"wp:attachment":[{"href":"https:\/\/julio.carrascobreton.com\/index.php\/wp-json\/wp\/v2\/media?parent=1017"}],"curies":[{"name":"wp","href":"https:\/\/api.w.org\/{rel}","templated":true}]}}